{"id":102,"date":"2022-03-26T15:09:35","date_gmt":"2022-03-26T15:09:35","guid":{"rendered":"https:\/\/teilnehmeranmeldung.zif-zirkusfestival.ch\/?page_id=102"},"modified":"2022-03-26T15:09:35","modified_gmt":"2022-03-26T15:09:35","slug":"festivalregeln","status":"publish","type":"page","link":"https:\/\/teilnehmeranmeldung.zif-zirkusfestival.ch\/?page_id=102","title":{"rendered":"Festivalregeln"},"content":{"rendered":"\n<h2><strong>Festivalregeln ZiF 2022<\/strong><\/h2>\n\n\n\n<h3><strong>f\u00fcr Betreuungspersonen<\/strong><\/h3>\n\n\n\n<p>Diese Festivalregeln sind daf\u00fcr da, f\u00fcr einen sicheren, unfallfreien, respektvollen und wertsch\u00e4tzenden Anlass f\u00fcr TeilnehmerInnen, BetreuerInnen und OrganisatorInnen zu sorgen. Sie sind integraler Teil der Anmeldung.<\/p>\n\n\n\n<p><strong>Verantwortung Betreuungsperson<\/strong>: Ausserhalb der Workshops sind die Betreuungspersonen f\u00fcr die Teilnehmenden ihrer Gruppe verantwortlich. Sie schauen, dass sich die Teilnehmenden an die Regeln und den Zeitplan halten. Wir sind darauf angewiesen, dass von jedem teilnehmenden Zirkus jederzeit mindestens eine Betreuungsperson auf dem Festivalgel\u00e4nde anwesend ist.<\/p>\n\n\n\n<p><strong>Training und Sicherheit:<\/strong> Als Standard f\u00fcr die Sicherheit in den Workshops gelten die Sicherheitsbl\u00e4tter der Arbeitsgruppe Sicherheit des Runden Tisch der Deutschschweizer Kinder- und Jugendzirkusse. Alle helfen mit, auf generell g\u00fcltige Regeln wie passende Trainingskleidung, zusammengebundenen Haare und kein Kaugummi im Training zu achten.<\/p>\n\n\n\n<p><strong>Pr\u00e4vention sexueller Gewalt: <\/strong>Uns ist wichtig, dass am ZiF-Wochenende Kinder, Jugendliche sowie Erwachsene gegenseitig geachtet und respektiert werden. Somit setzen wir uns f\u00fcr die Pr\u00e4vention sexueller Ausbeutung und Gewalt ein. Wir wollen w\u00e4hrend des ZiF&#8217;s ein Klima schaffen, in dem sich Kinder, Jugendliche wie auch Leitende, Betreuungspersonen und Helfende ermutigt f\u00fchlen, sich selbst und seine eigenen Grenzen wahrzunehmen, auszudr\u00fccken, zu respektieren und einzuhalten.<\/p>\n\n\n\n<p>Wir sprechen \u00fcber erlaubte K\u00f6rperkontakte, heikle Situationen und Ausbeutung. Wir suchen gemeinsam einen guten Umgang mit Kindern und Jugendlichen. Grenzverletzendes Verhalten wird nicht geduldet!<\/p>\n\n\n\n<p><strong>Rauchen und Alkohol:<\/strong> Das ZiF ist ein Festival f\u00fcr Kinder und Jugendliche. Um mit gutem Beispiel voranzugehen, herrscht Rauch- und Alkoholverbot auf dem ZiF-Gel\u00e4nde und in den Geb\u00e4uden.<\/p>\n\n\n\n<p><strong>Nachtruhe:<\/strong> Ab 22:00 Uhr herrscht Ruhezeit in allen Schlafr\u00e4umen und G\u00e4ngen vor den Schlafr\u00e4umen sowie in H\u00f6rweite von Wohnh\u00e4usern. Wer nach 22:00 Uhr zu Bett geht, verh\u00e4lt sich in den Schlafr\u00e4umen und G\u00e4ngen davor so leise, dass keine Schlafenden gest\u00f6rt werden. Das Einhalten der Nachtruhe liegt in der Verantwortung der Betreuungspersonen der einzelnen Zirkusschulen.<\/p>\n\n\n\n<h3><em>f\u00fcr Teilnehmende<\/em><\/h3>\n\n\n\n<ol type=\"1\"><li>Wir achten auf einen respektvollen und wertsch\u00e4tzenden Umgang miteinander.<\/li><li>Zu den R\u00e4umlichkeiten, Requisiten sowie Gegenst\u00e4nde Anderer werden Sorge getragen.<\/li><li>Zeitpl\u00e4ne, sowie die Nachtruhe sind einzuhalten.<\/li><li>Den Anweisungen der Organisatoren, Workshopleitung und freiwilligen Helfer ist Folge zu leisten.<\/li><li>Wir gehen nicht vom Gel\u00e4nde weg. Ausnahmen gibt es nur in Absprache mit den Betreuungspersonen und den Zust\u00e4ndigen am Info-Point.<\/li><li>Es gilt Alkohol- und Rauchverbot auf dem ganzen ZiF-Gel\u00e4nde und in den Geb\u00e4uden.<\/li><\/ol>\n","protected":false},"excerpt":{"rendered":"<p>Festivalregeln ZiF 2022 f\u00fcr Betreuungspersonen Diese Festivalregeln sind daf\u00fcr da, f\u00fcr einen sicheren, unfallfreien, respektvollen und wertsch\u00e4tzenden Anlass f\u00fcr TeilnehmerInnen, BetreuerInnen und OrganisatorInnen zu sorgen. Sie sind integraler Teil der Anmeldung. Verantwortung Betreuungsperson: Ausserhalb der Workshops sind die Betreuungspersonen f\u00fcr die Teilnehmenden ihrer Gruppe verantwortlich. Sie schauen, dass sich die Teilnehmenden an die Regeln und [&hellip;]<\/p>\n","protected":false},"author":1,"featured_media":0,"parent":0,"menu_order":0,"comment_status":"closed","ping_status":"closed","template":"","meta":[],"_links":{"self":[{"href":"https:\/\/teilnehmeranmeldung.zif-zirkusfestival.ch\/index.php?rest_route=\/wp\/v2\/pages\/102"}],"collection":[{"href":"https:\/\/teilnehmeranmeldung.zif-zirkusfestival.ch\/index.php?rest_route=\/wp\/v2\/pages"}],"about":[{"href":"https:\/\/teilnehmeranmeldung.zif-zirkusfestival.ch\/index.php?rest_route=\/wp\/v2\/types\/page"}],"author":[{"embeddable":true,"href":"https:\/\/teilnehmeranmeldung.zif-zirkusfestival.ch\/index.php?rest_route=\/wp\/v2\/users\/1"}],"replies":[{"embeddable":true,"href":"https:\/\/teilnehmeranmeldung.zif-zirkusfestival.ch\/index.php?rest_route=%2Fwp%2Fv2%2Fcomments&post=102"}],"version-history":[{"count":1,"href":"https:\/\/teilnehmeranmeldung.zif-zirkusfestival.ch\/index.php?rest_route=\/wp\/v2\/pages\/102\/revisions"}],"predecessor-version":[{"id":103,"href":"https:\/\/teilnehmeranmeldung.zif-zirkusfestival.ch\/index.php?rest_route=\/wp\/v2\/pages\/102\/revisions\/103"}],"wp:attachment":[{"href":"https:\/\/teilnehmeranmeldung.zif-zirkusfestival.ch\/index.php?rest_route=%2Fwp%2Fv2%2Fmedia&parent=102"}],"curies":[{"name":"wp","href":"https:\/\/api.w.org\/{rel}","templated":true}]}}