{"id":6,"date":"2018-12-01T00:12:55","date_gmt":"2018-12-01T00:12:55","guid":{"rendered":"http:\/\/teilnehmeranmeldung.zif-zirkusfestival.ch\/?page_id=6"},"modified":"2022-03-12T13:53:27","modified_gmt":"2022-03-12T13:53:27","slug":"anmeldeformular","status":"publish","type":"page","link":"https:\/\/teilnehmeranmeldung.zif-zirkusfestival.ch\/","title":{"rendered":"Teilnehmer*innen Anmeldung ZiF 2022"},"content":{"rendered":"\n<p>Felder mit * sind Pflichtfelder und m\u00fcssen zwingend ausgef\u00fcllt werden. Alle anderen Felder sind optional und k\u00f6nnen leer gelassen werden.<\/p>\n\n\n\n<p><\/p>\n\n\n\n<p><\/p>\n\n\n\n<p><\/p>\n\n\n<div role=\"form\" class=\"wpcf7\" id=\"wpcf7-f99-o1\" lang=\"de-DE\" dir=\"ltr\">\n<div class=\"screen-reader-response\"><p role=\"status\" aria-live=\"polite\" aria-atomic=\"true\"><\/p> <ul><\/ul><\/div>\n<form action=\"\/index.php?rest_route=%2Fwp%2Fv2%2Fpages%2F6#wpcf7-f99-o1\" method=\"post\" class=\"wpcf7-form init\" novalidate=\"novalidate\" data-status=\"init\">\n<div style=\"display: none;\">\n<input type=\"hidden\" name=\"_wpcf7\" value=\"99\" \/>\n<input type=\"hidden\" name=\"_wpcf7_version\" value=\"5.6.4\" \/>\n<input type=\"hidden\" name=\"_wpcf7_locale\" value=\"de_DE\" \/>\n<input type=\"hidden\" name=\"_wpcf7_unit_tag\" value=\"wpcf7-f99-o1\" \/>\n<input type=\"hidden\" name=\"_wpcf7_container_post\" value=\"0\" \/>\n<input type=\"hidden\" name=\"_wpcf7_posted_data_hash\" value=\"\" \/>\n<\/div>\n<h2>Kontaktdaten Zirkus<\/h2>\n<div class=\"column-full\">\n<div class=\"fielddescription\">Name des Zirkus*<\/div>\n<p> <span class=\"wpcf7-form-control-wrap\" data-name=\"NameZirkus\"><input type=\"text\" name=\"NameZirkus\" value=\"\" size=\"40\" class=\"wpcf7-form-control wpcf7-text wpcf7-validates-as-required\" aria-required=\"true\" aria-invalid=\"false\" \/><\/span><\/p><\/div>\n<div class=\"column-full\">\n<div class=\"fielddescription\">Name Verantwortliche Person*<\/div>\n<p> <span class=\"wpcf7-form-control-wrap\" data-name=\"LeiterName\"><input type=\"text\" name=\"LeiterName\" value=\"\" size=\"40\" class=\"wpcf7-form-control wpcf7-text wpcf7-validates-as-required\" aria-required=\"true\" aria-invalid=\"false\" \/><\/span><\/p><\/div>\n<div class=\"column-full\">\n<div class=\"fielddescription\">E-Mail Verantwortliche Person (f\u00fcr Infos)*<\/div>\n<p> <span class=\"wpcf7-form-control-wrap\" data-name=\"LeiterMail\"><input type=\"email\" name=\"LeiterMail\" value=\"\" size=\"40\" class=\"wpcf7-form-control wpcf7-text wpcf7-email wpcf7-validates-as-required wpcf7-validates-as-email\" aria-required=\"true\" aria-invalid=\"false\" \/><\/span><\/p><\/div>\n<h2>Daten Teilnehmer*innen (Kinder\/Jugendliche)<\/h2>\n<p><b>Weitere Teilnehmer*innen mit Klick auf das Plus (am Ende dieses Abschnitts) hinzuf\u00fcgen.<\/b><\/p>\n<div data-wpcf7-group-id=\"teilnehmer\" id=\"teilnehmer-groups\" tabindex=\"1\" class=\"wpcf7-field-groups \">\n<div class=\"wpcf7-field-group\">\n<div class=\"clearfix\">\n<div class=\"column-half\">\n<div class=\"fielddescription\">Vorname*<\/div>\n<p><span class=\"wpcf7-form-control-wrap\" data-name=\"VornameArtist\"><input type=\"text\" name=\"VornameArtist\" value=\"\" size=\"40\" class=\"wpcf7-form-control wpcf7-text wpcf7-validates-as-required\" aria-required=\"true\" aria-invalid=\"false\" \/><\/span><\/p><\/div>\n<div class=\"column-half\">\n<div class=\"fielddescription\">Name*<\/div>\n<p><span class=\"wpcf7-form-control-wrap\" data-name=\"NameArtist\"><input type=\"text\" name=\"NameArtist\" value=\"\" size=\"40\" class=\"wpcf7-form-control wpcf7-text wpcf7-validates-as-required\" aria-required=\"true\" aria-invalid=\"false\" \/><\/span><\/p><\/div>\n<div class=\"column-half\">\n<div class=\"fielddescription\">Jahrgang*<\/div>\n<p><span class=\"wpcf7-form-control-wrap\" data-name=\"jahrgang\"><input type=\"text\" name=\"jahrgang\" value=\"\" size=\"40\" class=\"wpcf7-form-control wpcf7-text wpcf7-validates-as-required\" aria-required=\"true\" aria-invalid=\"false\" \/><\/span><\/p><\/div>\n<div class=\"column-half\">\n<div class=\"fielddescription\">Telefonnummer\/Mobile<\/div>\n<p><span class=\"wpcf7-form-control-wrap\" data-name=\"telartist\"><input type=\"tel\" name=\"telartist\" value=\"\" size=\"40\" class=\"wpcf7-form-control wpcf7-text wpcf7-tel wpcf7-validates-as-tel\" aria-invalid=\"false\" \/><\/span> <\/p><\/div>\n<\/div>\n<div class=\"comlumn-full\">\n<div class=\"fielddescription\">Workshop Wahl*<\/div>\n<div class=\"comlumn-full\">1. Priorit\u00e4t<br \/>\n<span class=\"wpcf7-form-control-wrap\" data-name=\"first-workshop\"><select name=\"first-workshop\" class=\"wpcf7-form-control wpcf7-select\" aria-invalid=\"false\"><option value=\"Partnerakrobatik\">Partnerakrobatik<\/option><option value=\"Clownerie \/ Theater\">Clownerie \/ Theater<\/option><option value=\"Tanz-Akrobatik\">Tanz-Akrobatik<\/option><option value=\"Trapez\">Trapez<\/option><option value=\"Vertikalseil\/-Tuch\">Vertikalseil\/-Tuch<\/option><option value=\"Jonglage\">Jonglage<\/option><option value=\"Drahtseil\">Drahtseil<\/option><option value=\"Diabolo\">Diabolo<\/option><option value=\"Handstand\">Handstand<\/option><option value=\"Einrad + Hochrad\">Einrad + Hochrad<\/option><option value=\"Airtrack\">Airtrack<\/option><\/select><\/span><\/div>\n<div class=\"comlumn-full\">2. Priorit\u00e4t<br \/>\n<span class=\"wpcf7-form-control-wrap\" data-name=\"second-workshop\"><select name=\"second-workshop\" class=\"wpcf7-form-control wpcf7-select\" aria-invalid=\"false\"><option value=\"Partnerakrobatik\">Partnerakrobatik<\/option><option value=\"Clownerie \/ Theater\">Clownerie \/ Theater<\/option><option value=\"Tanz-Akrobatik\">Tanz-Akrobatik<\/option><option value=\"Trapez\">Trapez<\/option><option value=\"Vertikalseil\/-Tuch\">Vertikalseil\/-Tuch<\/option><option value=\"Jonglage\">Jonglage<\/option><option value=\"Drahtseil\">Drahtseil<\/option><option value=\"Diabolo\">Diabolo<\/option><option value=\"Handstand\">Handstand<\/option><option value=\"Einrad + Hochrad\">Einrad + Hochrad<\/option><option value=\"Airtrack\">Airtrack<\/option><\/select><\/span><\/div>\n<div class=\"comlumn-full\">3. Priorit\u00e4t<\/div>\n<p><span class=\"wpcf7-form-control-wrap\" data-name=\"third-workshop\"><select name=\"third-workshop\" class=\"wpcf7-form-control wpcf7-select\" aria-invalid=\"false\"><option value=\"Partnerakrobatik\">Partnerakrobatik<\/option><option value=\"Clownerie \/ Theater\">Clownerie \/ Theater<\/option><option value=\"Tanz-Akrobatik\">Tanz-Akrobatik<\/option><option value=\"Trapez\">Trapez<\/option><option value=\"Vertikalseil\/-Tuch\">Vertikalseil\/-Tuch<\/option><option value=\"Jonglage\">Jonglage<\/option><option value=\"Drahtseil\">Drahtseil<\/option><option value=\"Diabolo\">Diabolo<\/option><option value=\"Handstand\">Handstand<\/option><option value=\"Einrad + Hochrad\">Einrad + Hochrad<\/option><option value=\"Airtrack\">Airtrack<\/option><\/select><\/span>\n<\/p><\/div>\n<div class=\"column-full\">\n<div class=\"fielddescription\">Notfallkontakt* (Erziehungsberechtigte) (Name und Telefonnummer)<\/div>\n<p> <span class=\"wpcf7-form-control-wrap\" data-name=\"emergency\"><textarea name=\"emergency\" cols=\"40\" rows=\"2\" class=\"wpcf7-form-control wpcf7-textarea wpcf7-validates-as-required\" aria-required=\"true\" aria-invalid=\"false\"><\/textarea><\/span><\/p><\/div>\n<div class=\"column-full\">\n<div class=\"fielddescription\">Ern\u00e4hrungseinschr\u00e4nkungen (z.B. Vegetarische Ern\u00e4hrung)<\/div>\n<p> <span class=\"wpcf7-form-control-wrap\" data-name=\"food\"><textarea name=\"food\" cols=\"40\" rows=\"2\" class=\"wpcf7-form-control wpcf7-textarea\" aria-invalid=\"false\"><\/textarea><\/span><\/p><\/div>\n<div class=\"column-full\">\n<div class=\"fielddescription\">Allergien (inkl. Allergien auf Medikamente) und bekannte Vorerkrankungen<\/div>\n<p> <span class=\"wpcf7-form-control-wrap\" data-name=\"allergien\"><textarea name=\"allergien\" cols=\"40\" rows=\"2\" class=\"wpcf7-form-control wpcf7-textarea\" aria-invalid=\"false\"><\/textarea><\/span><\/p><\/div>\n<p><button type='button' class='wpcf7-field-group-remove '>-<\/button><button type='button' class='wpcf7-field-group-add '>+<\/button><input type=\"hidden\" class=\"wpcf7-field-group-count\" name=\"_wpcf7_groups_count[teilnehmer]\" value=\"1\" \/><\/div>\n<\/div>\n<h2>Daten Hilfspersonen<\/h2>\n<p><b>Achtung: Dieser Abschnitt ist nur f\u00fcr Hilfspersonen auszuf\u00fcllen, weitere Begleit- bzw. Betreuungspersonen folgen weiter unten!<\/b><br \/>\nWeitere Hilfspersonen mit Klick auf das Plus (am Ende dieses Abschnitts) hinzuf\u00fcgen.<\/p>\n<div data-wpcf7-group-id=\"helfer\" id=\"helfer-groups\" tabindex=\"1\" class=\"wpcf7-field-groups \">\n<div class=\"wpcf7-field-group\">\n<div class=\"clearfix\">\n<div class=\"column-half\">\n<div class=\"fielddescription\">Vorname*<\/div>\n<p><span class=\"wpcf7-form-control-wrap\" data-name=\"VornameHelfer\"><input type=\"text\" name=\"VornameHelfer\" value=\"\" size=\"40\" class=\"wpcf7-form-control wpcf7-text wpcf7-validates-as-required\" aria-required=\"true\" aria-invalid=\"false\" \/><\/span><\/p><\/div>\n<div class=\"column-half\">\n<div class=\"fielddescription\">Name*<\/div>\n<p><span class=\"wpcf7-form-control-wrap\" data-name=\"NameHelfer\"><input type=\"text\" name=\"NameHelfer\" value=\"\" size=\"40\" class=\"wpcf7-form-control wpcf7-text wpcf7-validates-as-required\" aria-required=\"true\" aria-invalid=\"false\" \/><\/span><\/p><\/div>\n<div class=\"column-half\">\n<div class=\"fielddescription\">Mobile*<\/div>\n<p><span class=\"wpcf7-form-control-wrap\" data-name=\"TelHelfer\"><input type=\"tel\" name=\"TelHelfer\" value=\"\" size=\"40\" class=\"wpcf7-form-control wpcf7-text wpcf7-tel wpcf7-validates-as-required wpcf7-validates-as-tel\" aria-required=\"true\" aria-invalid=\"false\" \/><\/span><\/p><\/div>\n<div class=\"column-half\">\n<div class=\"fielddescription\">E-Mail*<\/div>\n<p><span class=\"wpcf7-form-control-wrap\" data-name=\"emailhelfer\"><input type=\"email\" name=\"emailhelfer\" value=\"\" size=\"40\" class=\"wpcf7-form-control wpcf7-text wpcf7-email wpcf7-validates-as-required wpcf7-validates-as-email\" aria-required=\"true\" aria-invalid=\"false\" \/><\/span><\/p><\/div>\n<\/div>\n<div class=\"column-full\">\n<div class=\"column-full\">\n<div class=\"fielddescription\">Notfallkontakt*  (Name und Telefonnummer)<\/div>\n<p> <span class=\"wpcf7-form-control-wrap\" data-name=\"emergencyhelfer\"><textarea name=\"emergencyhelfer\" cols=\"40\" rows=\"2\" class=\"wpcf7-form-control wpcf7-textarea wpcf7-validates-as-required\" aria-required=\"true\" aria-invalid=\"false\"><\/textarea><\/span><\/p><\/div>\n<div class=\"column-full\">\n<div class=\"fielddescription\">Ern\u00e4hrungseinschr\u00e4nkungen (z.B. Vegetarische Ern\u00e4hrung)<\/div>\n<p> <span class=\"wpcf7-form-control-wrap\" data-name=\"foodhelfer\"><textarea name=\"foodhelfer\" cols=\"40\" rows=\"2\" class=\"wpcf7-form-control wpcf7-textarea\" aria-invalid=\"false\"><\/textarea><\/span><\/p><\/div>\n<div class=\"column-full\">\n<div class=\"fielddescription\">Allergien (inkl. Allergien auf Medikamente) und bekannte Vorerkrankungen<\/div>\n<p> <span class=\"wpcf7-form-control-wrap\" data-name=\"allergienhelfer\"><textarea name=\"allergienhelfer\" cols=\"40\" rows=\"2\" class=\"wpcf7-form-control wpcf7-textarea\" aria-invalid=\"false\"><\/textarea><\/span><\/p><\/div>\n<\/div>\n<p><button type='button' class='wpcf7-field-group-remove '>-<\/button><button type='button' class='wpcf7-field-group-add '>+<\/button><input type=\"hidden\" class=\"wpcf7-field-group-count\" name=\"_wpcf7_groups_count[helfer]\" value=\"1\" \/><\/div>\n<\/div>\n<h2>Daten Begleit-\/Betreuungspersonen<\/h2>\n<p><b>Achtung: Dieser Abschnitt ist nur f\u00fcr Betreuungspersonen auszuf\u00fcllen, nicht f\u00fcr Hilfspersonen!<\/b><br \/>\nWeitere Betreuer*innen mit Klick auf das Plus (am Ende dieses Abschnitts) hinzuf\u00fcgen.<\/p>\n<div data-wpcf7-group-id=\"betreuer\" id=\"betreuer-groups\" tabindex=\"1\" class=\"wpcf7-field-groups \">\n<div class=\"wpcf7-field-group\">\n<div class=\"clearfix\">\n<div class=\"column-half\">\n<div class=\"fielddescription\">Vorname*<\/div>\n<p><span class=\"wpcf7-form-control-wrap\" data-name=\"VornameBetreuer\"><input type=\"text\" name=\"VornameBetreuer\" value=\"\" size=\"40\" class=\"wpcf7-form-control wpcf7-text wpcf7-validates-as-required\" aria-required=\"true\" aria-invalid=\"false\" \/><\/span><\/p><\/div>\n<div class=\"column-half\">\n<div class=\"fielddescription\">Name*<\/div>\n<p><span class=\"wpcf7-form-control-wrap\" data-name=\"NameBetreuer\"><input type=\"text\" name=\"NameBetreuer\" value=\"\" size=\"40\" class=\"wpcf7-form-control wpcf7-text wpcf7-validates-as-required\" aria-required=\"true\" aria-invalid=\"false\" \/><\/span><\/p><\/div>\n<div class=\"column-half\">\n<div class=\"fielddescription\">Mobile*<\/div>\n<p><span class=\"wpcf7-form-control-wrap\" data-name=\"TelBetreuer\"><input type=\"tel\" name=\"TelBetreuer\" value=\"\" size=\"40\" class=\"wpcf7-form-control wpcf7-text wpcf7-tel wpcf7-validates-as-required wpcf7-validates-as-tel\" aria-required=\"true\" aria-invalid=\"false\" \/><\/span><\/p><\/div>\n<\/div>\n<div class=\"column-full\">\n<div class=\"fielddescription\">Workshop Assistenz*<\/div>\n<p> Die Workshops ben\u00f6tigen zus\u00e4tzlich zu den Workshopleiter*innen Assistent*innen. In welchen Disziplin(en) k\u00f6nntest du mithelfen? Bitte schreib auch kurz dazu, ob\/wieviel Erfahrung du in den von dir aufgelisteten Disziplin(en) hast.<br \/>\n<span class=\"wpcf7-form-control-wrap\" data-name=\"helper-disziplinen\"><textarea name=\"helper-disziplinen\" cols=\"40\" rows=\"3\" class=\"wpcf7-form-control wpcf7-textarea wpcf7-validates-as-required\" aria-required=\"true\" aria-invalid=\"false\"><\/textarea><\/span><\/p><\/div>\n<div class=\"column-full\">\n<div class=\"column-full\">\n<div class=\"fielddescription\">Notfallkontakt*  (Name und Telefonnummer)<\/div>\n<p> <span class=\"wpcf7-form-control-wrap\" data-name=\"emergencybet\"><textarea name=\"emergencybet\" cols=\"40\" rows=\"2\" class=\"wpcf7-form-control wpcf7-textarea wpcf7-validates-as-required\" aria-required=\"true\" aria-invalid=\"false\"><\/textarea><\/span><\/p><\/div>\n<div class=\"column-full\">\n<div class=\"fielddescription\">Ern\u00e4hrungseinschr\u00e4nkungen (z.B. Vegetarische Ern\u00e4hrung)<\/div>\n<p> <span class=\"wpcf7-form-control-wrap\" data-name=\"foodbet\"><textarea name=\"foodbet\" cols=\"40\" rows=\"2\" class=\"wpcf7-form-control wpcf7-textarea\" aria-invalid=\"false\"><\/textarea><\/span><\/p><\/div>\n<div class=\"column-full\">\n<div class=\"fielddescription\">Allergien (inkl. Allergien auf Medikamente) und bekannte Vorerkrankungen<\/div>\n<p> <span class=\"wpcf7-form-control-wrap\" data-name=\"allergienbet\"><textarea name=\"allergienbet\" cols=\"40\" rows=\"2\" class=\"wpcf7-form-control wpcf7-textarea\" aria-invalid=\"false\"><\/textarea><\/span><\/p><\/div>\n<\/div>\n<p><button type='button' class='wpcf7-field-group-remove '>-<\/button><button type='button' class='wpcf7-field-group-add '>+<\/button><input type=\"hidden\" class=\"wpcf7-field-group-count\" name=\"_wpcf7_groups_count[betreuer]\" value=\"1\" \/><\/div>\n<\/div>\n<h2>Open Stage<\/h2>\n<div class=\"column-full\">\n<div class=\"fielddescription\">Wie viele Nummern m\u00f6chtet ihr an der Open Stage zeigen?*<\/div>\n<p><span class=\"wpcf7-form-control-wrap\" data-name=\"anzahlnummern\"><select name=\"anzahlnummern\" class=\"wpcf7-form-control wpcf7-select wpcf7-validates-as-required\" aria-required=\"true\" aria-invalid=\"false\"><option value=\"Keine\">Keine<\/option><option value=\"Eine\">Eine<\/option><option value=\"Zwei\">Zwei<\/option><\/select><\/span>\n<\/p><\/div>\n<div class=\"column-full\">\n<div class=\"fielddescription\">Disziplin<\/div>\n<p>Welche Disziplin(en) zeigt ihr in euren Nummer(n)? <span class=\"wpcf7-form-control-wrap\" data-name=\"disziplin\"><textarea name=\"disziplin\" cols=\"40\" rows=\"2\" class=\"wpcf7-form-control wpcf7-textarea\" aria-invalid=\"false\"><\/textarea><\/span><\/p><\/div>\n<div class=\"column-full\">\n<div class=\"fielddescription\">Stimmung\/Thema<\/div>\n<p>Bitte beschreibt das Thema und\/oder die Stimmung eurer Nummer(n). <span class=\"wpcf7-form-control-wrap\" data-name=\"stimmung\"><textarea name=\"stimmung\" cols=\"40\" rows=\"2\" class=\"wpcf7-form-control wpcf7-textarea\" aria-invalid=\"false\"><\/textarea><\/span><\/p><\/div>\n<div class=\"column-full\">\n<div class=\"fielddescription\">Dauer<\/div>\n<p>Bitte gebt die ungef\u00e4hre Dauer der Nummern an. <span class=\"wpcf7-form-control-wrap\" data-name=\"dauer\"><textarea name=\"dauer\" cols=\"40\" rows=\"2\" class=\"wpcf7-form-control wpcf7-textarea\" aria-invalid=\"false\"><\/textarea><\/span><\/p><\/div>\n<div class=\"column-full\">\n<div class=\"fielddescription\">Ben\u00f6tigtes Material\/Requisiten<\/div>\n<p>Bitte listet die Requisiten auf, welche ihr vom ZiF f\u00fcr eure Nummer braucht. <span class=\"wpcf7-form-control-wrap\" data-name=\"requiredrec\"><textarea name=\"requiredrec\" cols=\"40\" rows=\"2\" class=\"wpcf7-form-control wpcf7-textarea\" aria-invalid=\"false\"><\/textarea><\/span><\/p><\/div>\n<div class=\"column-full\">\n<div class=\"fielddescription\">Mitgebrachtes Material\/Requisiten<\/div>\n<p>Bitte listet Requisiten auf, welche ihr zum ZiF\/f\u00fcr eure Nummer mitbringt. <span class=\"wpcf7-form-control-wrap\" data-name=\"useablereq\"><textarea name=\"useablereq\" cols=\"40\" rows=\"2\" class=\"wpcf7-form-control wpcf7-textarea\" aria-invalid=\"false\"><\/textarea><\/span><\/p><\/div>\n<h2>Sonstiges<\/h2>\n<div class=\"column-full\">\n<div class=\"column-full\">\n<div class=\"fielddescription\">Kommentar<\/div>\n<p> <span class=\"wpcf7-form-control-wrap\" data-name=\"commentar\"><textarea name=\"commentar\" cols=\"40\" rows=\"3\" class=\"wpcf7-form-control wpcf7-textarea\" aria-invalid=\"false\"><\/textarea><\/span><\/p><\/div>\n<h2>Best\u00e4tigung Datennutzung und Festivalregeln*<\/h2>\n<p><span class=\"wpcf7-form-control-wrap\" data-name=\"festivalregeln\"><span class=\"wpcf7-form-control wpcf7-acceptance\"><span class=\"wpcf7-list-item\"><label><input type=\"checkbox\" name=\"festivalregeln\" value=\"1\" aria-invalid=\"false\" \/><span class=\"wpcf7-list-item-label\">Wir haben die <a target=\"_blank\" href=\"https:\/\/teilnehmeranmeldung.zif-zirkusfestival.ch\/?page_id=102\">Festivalregeln<\/a> gelesen und werden diese am Festival einhalten. Wir weisen unsere TeilnehmerInnen vor und wa\u0308hrend dem Festival auf die Einhaltung der Festivalregeln hin.<\/span><\/label><\/span><\/span><\/span><\/p>\n<p><span class=\"wpcf7-form-control-wrap\" data-name=\"regeln\"><span class=\"wpcf7-form-control wpcf7-acceptance\"><span class=\"wpcf7-list-item\"><label><input type=\"checkbox\" name=\"regeln\" value=\"1\" aria-invalid=\"false\" \/><span class=\"wpcf7-list-item-label\">Wir nehmen den <a target=\"_blank\" href=\"https:\/\/teilnehmeranmeldung.zif-zirkusfestival.ch\/?page_id=64\">Haftungsausschluss<\/a> zur Kenntnis und sind damit einverstanden.<\/span><\/label><\/span><\/span><\/span><\/p>\n<p><span class=\"wpcf7-form-control-wrap\" data-name=\"data_use\"><span class=\"wpcf7-form-control wpcf7-acceptance\"><span class=\"wpcf7-list-item\"><label><input type=\"checkbox\" name=\"data_use\" value=\"1\" aria-invalid=\"false\" \/><span class=\"wpcf7-list-item-label\">Wir sind mit der Speicherung der hier angegebenen Daten einverstanden. Wir stimmen der <a target=\"_blank\" href=\"https:\/\/teilnehmeranmeldung.zif-zirkusfestival.ch\/?page_id=2\">Datenschutzverordnung<\/a> zu.<\/span><\/label><\/span><\/span><\/span><\/p>\n<p><input type=\"submit\" value=\"Senden\" class=\"wpcf7-form-control has-spinner wpcf7-submit\" \/><\/p>\n<div class=\"wpcf7-response-output\" aria-hidden=\"true\"><\/div><\/form><\/div>\n\n\n\n<p><\/p>\n","protected":false},"excerpt":{"rendered":"<p>Felder mit * sind Pflichtfelder und m\u00fcssen zwingend ausgef\u00fcllt werden. Alle anderen Felder sind optional und k\u00f6nnen leer gelassen werden.<\/p>\n","protected":false},"author":1,"featured_media":0,"parent":0,"menu_order":0,"comment_status":"closed","ping_status":"closed","template":"","meta":[],"_links":{"self":[{"href":"https:\/\/teilnehmeranmeldung.zif-zirkusfestival.ch\/index.php?rest_route=\/wp\/v2\/pages\/6"}],"collection":[{"href":"https:\/\/teilnehmeranmeldung.zif-zirkusfestival.ch\/index.php?rest_route=\/wp\/v2\/pages"}],"about":[{"href":"https:\/\/teilnehmeranmeldung.zif-zirkusfestival.ch\/index.php?rest_route=\/wp\/v2\/types\/page"}],"author":[{"embeddable":true,"href":"https:\/\/teilnehmeranmeldung.zif-zirkusfestival.ch\/index.php?rest_route=\/wp\/v2\/users\/1"}],"replies":[{"embeddable":true,"href":"https:\/\/teilnehmeranmeldung.zif-zirkusfestival.ch\/index.php?rest_route=%2Fwp%2Fv2%2Fcomments&post=6"}],"version-history":[{"count":17,"href":"https:\/\/teilnehmeranmeldung.zif-zirkusfestival.ch\/index.php?rest_route=\/wp\/v2\/pages\/6\/revisions"}],"predecessor-version":[{"id":100,"href":"https:\/\/teilnehmeranmeldung.zif-zirkusfestival.ch\/index.php?rest_route=\/wp\/v2\/pages\/6\/revisions\/100"}],"wp:attachment":[{"href":"https:\/\/teilnehmeranmeldung.zif-zirkusfestival.ch\/index.php?rest_route=%2Fwp%2Fv2%2Fmedia&parent=6"}],"curies":[{"name":"wp","href":"https:\/\/api.w.org\/{rel}","templated":true}]}}