{"id":64,"date":"2019-02-02T13:40:03","date_gmt":"2019-02-02T13:40:03","guid":{"rendered":"http:\/\/teilnehmeranmeldung.zif-zirkusfestival.ch\/?page_id=64"},"modified":"2019-02-21T10:44:50","modified_gmt":"2019-02-21T10:44:50","slug":"haftungsausschluss","status":"publish","type":"page","link":"https:\/\/teilnehmeranmeldung.zif-zirkusfestival.ch\/?page_id=64","title":{"rendered":"Haftungsausschluss"},"content":{"rendered":"\n<p>Um\neinen reibungslosen Ablauf des Zirkusfestivals gew\u00e4hrleisten zu\nk\u00f6nnen, weisen wir auf folgende Punkte hin. \n<\/p>\n\n\n\n<ol><li>Als Veranstalter stellen wir die R\u00e4umlichkeiten zur Verf\u00fcgung. Wir \u00fcbernehmen aber keinerlei Haftung f\u00fcr mitgebrachte Requisiten. Wir weisen darauf hin, dass die TeilnehmerInnen m\u00f6glichst wenige\/keine Wertgegenst\u00e4nde mitbringen sollen. <\/li><li>Der Versicherungsschutz obliegt den Eltern der teilnehmenden Kinder. F\u00fcr selbstverschuldete Unf\u00e4lle der Teilnehmerinnen und Teilnehmer wird keine Haftung \u00fcbernommen. Die Betreuer sind daf\u00fcr verantwortlich, dass sich die Teilnehmerinnen und Teilnehmer ihrer Gruppen an die geltenden Regeln halten. Sie sind ebenfalls f\u00fcr allf\u00e4llige Allergien, sowie Medikamente ihrer Kinder verantwortlich.  <\/li><li>Auf dem ZiF-Festivalgel\u00e4nde gilt ein striktes Alkohol- und Rauchverbot.<\/li><li>F\u00fcr mutwillige oder grob fahrl\u00e4ssige Sachbesch\u00e4digungen durch Festival-Teilnehmerinnen und Teilnehmer an der Infrastruktur des ZiF Zirkusfestival, den zus\u00e4tzlichen R\u00e4umen oder an Eigentum Dritter haften wir als Veranstalter nicht. F\u00fcr Kosten durch derart entstandene Sch\u00e4den haftet der Verursacher selbst bzw. die ihm angeh\u00f6rende Gruppe oder der Betreuer, sofern er seine Aufsichtspflicht verletzt hat.  <\/li><li>Stornierungsbedingungen: F\u00fcr Teilnehmer*innen und Betreuer*innen welche nach der detaillierten Anmeldung stornieren (und nicht durch andere Teilnehmer ersetzt werden k\u00f6nnen), ist der vollst\u00e4ndige Festivalbeitrag zu entrichten.  <\/li><\/ol>\n","protected":false},"excerpt":{"rendered":"<p>Um einen reibungslosen Ablauf des Zirkusfestivals gew\u00e4hrleisten zu k\u00f6nnen, weisen wir auf folgende Punkte hin. Als Veranstalter stellen wir die R\u00e4umlichkeiten zur Verf\u00fcgung. Wir \u00fcbernehmen aber keinerlei Haftung f\u00fcr mitgebrachte Requisiten. Wir weisen darauf hin, dass die TeilnehmerInnen m\u00f6glichst wenige\/keine Wertgegenst\u00e4nde mitbringen sollen. Der Versicherungsschutz obliegt den Eltern der teilnehmenden Kinder. F\u00fcr selbstverschuldete Unf\u00e4lle der [&hellip;]<\/p>\n","protected":false},"author":1,"featured_media":0,"parent":0,"menu_order":0,"comment_status":"closed","ping_status":"closed","template":"","meta":[],"_links":{"self":[{"href":"https:\/\/teilnehmeranmeldung.zif-zirkusfestival.ch\/index.php?rest_route=\/wp\/v2\/pages\/64"}],"collection":[{"href":"https:\/\/teilnehmeranmeldung.zif-zirkusfestival.ch\/index.php?rest_route=\/wp\/v2\/pages"}],"about":[{"href":"https:\/\/teilnehmeranmeldung.zif-zirkusfestival.ch\/index.php?rest_route=\/wp\/v2\/types\/page"}],"author":[{"embeddable":true,"href":"https:\/\/teilnehmeranmeldung.zif-zirkusfestival.ch\/index.php?rest_route=\/wp\/v2\/users\/1"}],"replies":[{"embeddable":true,"href":"https:\/\/teilnehmeranmeldung.zif-zirkusfestival.ch\/index.php?rest_route=%2Fwp%2Fv2%2Fcomments&post=64"}],"version-history":[{"count":3,"href":"https:\/\/teilnehmeranmeldung.zif-zirkusfestival.ch\/index.php?rest_route=\/wp\/v2\/pages\/64\/revisions"}],"predecessor-version":[{"id":70,"href":"https:\/\/teilnehmeranmeldung.zif-zirkusfestival.ch\/index.php?rest_route=\/wp\/v2\/pages\/64\/revisions\/70"}],"wp:attachment":[{"href":"https:\/\/teilnehmeranmeldung.zif-zirkusfestival.ch\/index.php?rest_route=%2Fwp%2Fv2%2Fmedia&parent=64"}],"curies":[{"name":"wp","href":"https:\/\/api.w.org\/{rel}","templated":true}]}}